{"id":3521,"date":"2021-09-09T14:46:07","date_gmt":"2021-09-09T11:46:07","guid":{"rendered":"https:\/\/books.ezanvaktipro.com\/dini-terimler\/?page_id=3521"},"modified":"2021-09-09T14:46:09","modified_gmt":"2021-09-09T11:46:09","slug":"alfabetik-siralama","status":"publish","type":"page","link":"https:\/\/books.ezanvaktipro.com\/dini-terimler\/alfabetik-siralama\/","title":{"rendered":"Alfabetik S\u0131ralama"},"content":{"rendered":"","protected":false},"excerpt":{"rendered":"","protected":false},"author":1,"featured_media":0,"parent":0,"menu_order":0,"comment_status":"closed","ping_status":"closed","template":"","meta":{"footnotes":""},"hashtags":[],"class_list":["post-3521","page","type-page","status-publish","hentry"],"yoast_head":"<!-- This site is optimized with the Yoast SEO plugin v26.4 - https:\/\/yoast.com\/wordpress\/plugins\/seo\/ -->\n<title>Alfabetik S\u0131ralama - Dini Terimler S\u00f6zl\u00fc\u011f\u00fc<\/title>\n<meta name=\"robots\" content=\"index, follow, max-snippet:-1, max-image-preview:large, max-video-preview:-1\" \/>\n<link rel=\"canonical\" href=\"https:\/\/books.ezanvaktipro.com\/dini-terimler\/alfabetik-siralama\/\" \/>\n<meta property=\"og:locale\" content=\"tr_TR\" \/>\n<meta property=\"og:type\" content=\"article\" \/>\n<meta property=\"og:title\" content=\"Alfabetik S\u0131ralama - Dini Terimler S\u00f6zl\u00fc\u011f\u00fc\" \/>\n<meta property=\"og:url\" content=\"https:\/\/books.ezanvaktipro.com\/dini-terimler\/alfabetik-siralama\/\" \/>\n<meta property=\"og:site_name\" content=\"Dini Terimler S\u00f6zl\u00fc\u011f\u00fc\" \/>\n<meta property=\"article:modified_time\" content=\"2021-09-09T11:46:09+00:00\" \/>\n<meta name=\"twitter:card\" content=\"summary_large_image\" \/>\n<script type=\"application\/ld+json\" class=\"yoast-schema-graph\">{\"@context\":\"https:\/\/schema.org\",\"@graph\":[{\"@type\":\"WebPage\",\"@id\":\"https:\/\/books.ezanvaktipro.com\/dini-terimler\/alfabetik-siralama\/\",\"url\":\"https:\/\/books.ezanvaktipro.com\/dini-terimler\/alfabetik-siralama\/\",\"name\":\"Alfabetik S\u0131ralama - Dini Terimler S\u00f6zl\u00fc\u011f\u00fc\",\"isPartOf\":{\"@id\":\"https:\/\/books.ezanvaktipro.com\/dini-terimler\/#website\"},\"datePublished\":\"2021-09-09T11:46:07+00:00\",\"dateModified\":\"2021-09-09T11:46:09+00:00\",\"breadcrumb\":{\"@id\":\"https:\/\/books.ezanvaktipro.com\/dini-terimler\/alfabetik-siralama\/#breadcrumb\"},\"inLanguage\":\"tr\",\"potentialAction\":[{\"@type\":\"ReadAction\",\"target\":[\"https:\/\/books.ezanvaktipro.com\/dini-terimler\/alfabetik-siralama\/\"]}]},{\"@type\":\"BreadcrumbList\",\"@id\":\"https:\/\/books.ezanvaktipro.com\/dini-terimler\/alfabetik-siralama\/#breadcrumb\",\"itemListElement\":[{\"@type\":\"ListItem\",\"position\":1,\"name\":\"Anasayfa\",\"item\":\"https:\/\/books.ezanvaktipro.com\/dini-terimler\/\"},{\"@type\":\"ListItem\",\"position\":2,\"name\":\"Alfabetik S\u0131ralama\"}]},{\"@type\":\"WebSite\",\"@id\":\"https:\/\/books.ezanvaktipro.com\/dini-terimler\/#website\",\"url\":\"https:\/\/books.ezanvaktipro.com\/dini-terimler\/\",\"name\":\"Dini Terimler S\u00f6zl\u00fc\u011f\u00fc\",\"description\":\"Ezan Vakti Pro\",\"potentialAction\":[{\"@type\":\"SearchAction\",\"target\":{\"@type\":\"EntryPoint\",\"urlTemplate\":\"https:\/\/books.ezanvaktipro.com\/dini-terimler\/?s={search_term_string}\"},\"query-input\":{\"@type\":\"PropertyValueSpecification\",\"valueRequired\":true,\"valueName\":\"search_term_string\"}}],\"inLanguage\":\"tr\"}]}<\/script>\n<!-- \/ Yoast SEO plugin. -->","yoast_head_json":{"title":"Alfabetik S\u0131ralama - Dini Terimler S\u00f6zl\u00fc\u011f\u00fc","robots":{"index":"index","follow":"follow","max-snippet":"max-snippet:-1","max-image-preview":"max-image-preview:large","max-video-preview":"max-video-preview:-1"},"canonical":"https:\/\/books.ezanvaktipro.com\/dini-terimler\/alfabetik-siralama\/","og_locale":"tr_TR","og_type":"article","og_title":"Alfabetik S\u0131ralama - Dini Terimler S\u00f6zl\u00fc\u011f\u00fc","og_url":"https:\/\/books.ezanvaktipro.com\/dini-terimler\/alfabetik-siralama\/","og_site_name":"Dini Terimler S\u00f6zl\u00fc\u011f\u00fc","article_modified_time":"2021-09-09T11:46:09+00:00","twitter_card":"summary_large_image","schema":{"@context":"https:\/\/schema.org","@graph":[{"@type":"WebPage","@id":"https:\/\/books.ezanvaktipro.com\/dini-terimler\/alfabetik-siralama\/","url":"https:\/\/books.ezanvaktipro.com\/dini-terimler\/alfabetik-siralama\/","name":"Alfabetik S\u0131ralama - Dini Terimler S\u00f6zl\u00fc\u011f\u00fc","isPartOf":{"@id":"https:\/\/books.ezanvaktipro.com\/dini-terimler\/#website"},"datePublished":"2021-09-09T11:46:07+00:00","dateModified":"2021-09-09T11:46:09+00:00","breadcrumb":{"@id":"https:\/\/books.ezanvaktipro.com\/dini-terimler\/alfabetik-siralama\/#breadcrumb"},"inLanguage":"tr","potentialAction":[{"@type":"ReadAction","target":["https:\/\/books.ezanvaktipro.com\/dini-terimler\/alfabetik-siralama\/"]}]},{"@type":"BreadcrumbList","@id":"https:\/\/books.ezanvaktipro.com\/dini-terimler\/alfabetik-siralama\/#breadcrumb","itemListElement":[{"@type":"ListItem","position":1,"name":"Anasayfa","item":"https:\/\/books.ezanvaktipro.com\/dini-terimler\/"},{"@type":"ListItem","position":2,"name":"Alfabetik S\u0131ralama"}]},{"@type":"WebSite","@id":"https:\/\/books.ezanvaktipro.com\/dini-terimler\/#website","url":"https:\/\/books.ezanvaktipro.com\/dini-terimler\/","name":"Dini Terimler S\u00f6zl\u00fc\u011f\u00fc","description":"Ezan Vakti Pro","potentialAction":[{"@type":"SearchAction","target":{"@type":"EntryPoint","urlTemplate":"https:\/\/books.ezanvaktipro.com\/dini-terimler\/?s={search_term_string}"},"query-input":{"@type":"PropertyValueSpecification","valueRequired":true,"valueName":"search_term_string"}}],"inLanguage":"tr"}]}},"jetpack-related-posts":[],"jetpack_sharing_enabled":true,"_links":{"self":[{"href":"https:\/\/books.ezanvaktipro.com\/dini-terimler\/wp-json\/wp\/v2\/pages\/3521","targetHints":{"allow":["GET"]}}],"collection":[{"href":"https:\/\/books.ezanvaktipro.com\/dini-terimler\/wp-json\/wp\/v2\/pages"}],"about":[{"href":"https:\/\/books.ezanvaktipro.com\/dini-terimler\/wp-json\/wp\/v2\/types\/page"}],"author":[{"embeddable":true,"href":"https:\/\/books.ezanvaktipro.com\/dini-terimler\/wp-json\/wp\/v2\/users\/1"}],"replies":[{"embeddable":true,"href":"https:\/\/books.ezanvaktipro.com\/dini-terimler\/wp-json\/wp\/v2\/comments?post=3521"}],"version-history":[{"count":1,"href":"https:\/\/books.ezanvaktipro.com\/dini-terimler\/wp-json\/wp\/v2\/pages\/3521\/revisions"}],"predecessor-version":[{"id":3523,"href":"https:\/\/books.ezanvaktipro.com\/dini-terimler\/wp-json\/wp\/v2\/pages\/3521\/revisions\/3523"}],"wp:attachment":[{"href":"https:\/\/books.ezanvaktipro.com\/dini-terimler\/wp-json\/wp\/v2\/media?parent=3521"}],"wp:term":[{"taxonomy":"hashtags","embeddable":true,"href":"https:\/\/books.ezanvaktipro.com\/dini-terimler\/wp-json\/wp\/v2\/hashtags?post=3521"}],"curies":[{"name":"wp","href":"https:\/\/api.w.org\/{rel}","templated":true}]}}